{"id":1295,"date":"2018-09-06T17:15:18","date_gmt":"2018-09-06T15:15:18","guid":{"rendered":"http:\/\/www.lescopainsdabord.net\/?page_id=1295"},"modified":"2024-09-02T11:33:53","modified_gmt":"2024-09-02T09:33:53","slug":"cours-de-guitare","status":"publish","type":"page","link":"https:\/\/www.lescopainsdabord.net\/index.php\/cours-de-guitare\/","title":{"rendered":"Cours de guitare"},"content":{"rendered":"<h1 style=\"text-align: center;\"><strong>Cours de <span style=\"color: #ff0000;\">g<\/span>u<span style=\"color: #339966;\">i<\/span>t<span style=\"color: #ffcc00;\">a<\/span>r<span style=\"color: #3366ff;\">e<\/span><\/strong><\/h1>\n<h1 style=\"text-align: center;\"><strong><img loading=\"lazy\" decoding=\"async\" class=\"wp-image-1296 aligncenter\" src=\"http:\/\/lescopainsdabord.net\/wp-content\/uploads\/2018\/09\/guitare.jpg\" alt=\"\" width=\"88\" height=\"88\" srcset=\"https:\/\/lescopainsdabord.net\/wp-content\/uploads\/2018\/09\/guitare.jpg 225w, https:\/\/lescopainsdabord.net\/wp-content\/uploads\/2018\/09\/guitare-150x150.jpg 150w, https:\/\/lescopainsdabord.net\/wp-content\/uploads\/2018\/09\/guitare-90x90.jpg 90w\" sizes=\"auto, (max-width: 88px) 100vw, 88px\" \/><\/strong><\/h1>\n<p style=\"text-align: center;\"><em>La musique, c&rsquo;est votre propre exp\u00e9rience, vos propres pens\u00e9es, votre propre sagesse.<\/em><\/p>\n<p style=\"text-align: center;\"><em>Si vous ne la vivez pas, elle ne sortira pas de votre instrument.<\/em><\/p>\n<p style=\"text-align: center;\"><em>On vous enseigne qu&rsquo;il y a une fronti\u00e8re de la musique. Mais il n&rsquo;y a pas de fronti\u00e8res en art. <\/em><\/p>\n<p style=\"text-align: center;\"><em>(Charlie Parker.)<\/em><\/p>\n<p><img loading=\"lazy\" decoding=\"async\" class=\"alignnone wp-image-1458 aligncenter\" src=\"http:\/\/lescopainsdabord.net\/wp-content\/uploads\/2021\/11\/telechargement.jpg\" alt=\"\" width=\"264\" height=\"264\" srcset=\"https:\/\/lescopainsdabord.net\/wp-content\/uploads\/2021\/11\/telechargement.jpg 225w, https:\/\/lescopainsdabord.net\/wp-content\/uploads\/2021\/11\/telechargement-150x150.jpg 150w, https:\/\/lescopainsdabord.net\/wp-content\/uploads\/2021\/11\/telechargement-90x90.jpg 90w, https:\/\/lescopainsdabord.net\/wp-content\/uploads\/2021\/11\/telechargement-125x125.jpg 125w, https:\/\/lescopainsdabord.net\/wp-content\/uploads\/2021\/11\/telechargement-200x200.jpg 200w, https:\/\/lescopainsdabord.net\/wp-content\/uploads\/2021\/11\/telechargement-80x80.jpg 80w, https:\/\/lescopainsdabord.net\/wp-content\/uploads\/2021\/11\/telechargement-120x120.jpg 120w\" sizes=\"auto, (max-width: 264px) 100vw, 264px\" \/><\/p>\n<p>&nbsp;<\/p>\n<p><strong>Tarif <\/strong><em>(cette tarification est soumise \u00e0 une adh\u00e9sion \u00e0 l\u2019association Les Copains d\u2019Abord !)<\/em><\/p>\n<p><em>\u00a0<\/em><\/p>\n<table>\n<tbody>\n<tr>\n<td width=\"466\">\n<p style=\"text-align: center;\">Cours individuels enfants \u00a0(30 min\/semaine)<\/p>\n<\/td>\n<td width=\"211\"><em>\u00a0<\/em><\/p>\n<p style=\"text-align: center;\">17 \u20ac<\/p>\n<p>&nbsp;<\/td>\n<\/tr>\n<tr>\n<td width=\"466\">\n<p style=\"text-align: center;\">Cours individuels Ados (45 min\/semaine)<\/p>\n<\/td>\n<td width=\"211\"><em>\u00a0<\/em><\/p>\n<p style=\"text-align: center;\">24 \u20ac<\/p>\n<p>&nbsp;<\/td>\n<\/tr>\n<tr>\n<td style=\"text-align: center;\" width=\"466\">Cours individuels Adulte (1 h\/semaine)<\/td>\n<td width=\"211\">\n<p style=\"text-align: center;\"><em>\u00a0<\/em><\/p>\n<p style=\"text-align: center;\">\u00a0\u00a0\u00a0\u00a0\u00a0 30 \u20ac<\/p>\n<p>&nbsp;<\/td>\n<\/tr>\n<\/tbody>\n<\/table>\n<p><em>\u00a0<\/em><\/p>\n<p>Pour vous inscrire, contactez-nous par mail \u00e0 <a href=\"mailto:contact.lescopainsdabord@gmail.com\">contact.lescopainsdabord@gmail.com<\/a><\/p>\n<p>Vous pouvez \u00e9galement <a href=\"https:\/\/www.lescopainsdabord.net\/index.php\/commeaidernt-nous-aider\/\">adh\u00e9rer en ligne<\/a> \u00e0 l&rsquo;association et compl\u00e9ter le formulaire d&rsquo;inscription \u00e0 la guitare : <a href=\"https:\/\/lescopainsdabord.net\/wp-content\/uploads\/2024\/09\/Cours-guitare-2024-25.pdf\">Cours guitare 2024-25<\/a><\/p>\n<p>&nbsp;<\/p>\n","protected":false},"excerpt":{"rendered":"<p>Cours de guitare La musique, c&rsquo;est votre propre exp\u00e9rience, vos propres pens\u00e9es, votre propre sagesse. Si vous ne la vivez pas, elle ne sortira pas de votre instrument. On vous enseigne qu&rsquo;il y a une fronti\u00e8re de la musique. Mais il n&rsquo;y a pas de fronti\u00e8res en art. (Charlie Parker.) &nbsp; Tarif (cette tarification est &hellip; <a href=\"https:\/\/www.lescopainsdabord.net\/index.php\/cours-de-guitare\/\" class=\"more-link\">Lire la suite <span class=\"screen-reader-text\">Cours de guitare<\/span><\/a><\/p>\n","protected":false},"author":1,"featured_media":0,"parent":0,"menu_order":0,"comment_status":"closed","ping_status":"closed","template":"","meta":{"jetpack_post_was_ever_published":false,"footnotes":""},"class_list":["post-1295","page","type-page","status-publish","hentry","without-featured-image"],"jetpack_sharing_enabled":true,"jetpack_shortlink":"https:\/\/wp.me\/P8G8ga-kT","_links":{"self":[{"href":"https:\/\/www.lescopainsdabord.net\/index.php\/wp-json\/wp\/v2\/pages\/1295","targetHints":{"allow":["GET"]}}],"collection":[{"href":"https:\/\/www.lescopainsdabord.net\/index.php\/wp-json\/wp\/v2\/pages"}],"about":[{"href":"https:\/\/www.lescopainsdabord.net\/index.php\/wp-json\/wp\/v2\/types\/page"}],"author":[{"embeddable":true,"href":"https:\/\/www.lescopainsdabord.net\/index.php\/wp-json\/wp\/v2\/users\/1"}],"replies":[{"embeddable":true,"href":"https:\/\/www.lescopainsdabord.net\/index.php\/wp-json\/wp\/v2\/comments?post=1295"}],"version-history":[{"count":13,"href":"https:\/\/www.lescopainsdabord.net\/index.php\/wp-json\/wp\/v2\/pages\/1295\/revisions"}],"predecessor-version":[{"id":1530,"href":"https:\/\/www.lescopainsdabord.net\/index.php\/wp-json\/wp\/v2\/pages\/1295\/revisions\/1530"}],"wp:attachment":[{"href":"https:\/\/www.lescopainsdabord.net\/index.php\/wp-json\/wp\/v2\/media?parent=1295"}],"curies":[{"name":"wp","href":"https:\/\/api.w.org\/{rel}","templated":true}]}}