{"id":129,"date":"2016-06-08T17:20:19","date_gmt":"2016-06-08T16:20:19","guid":{"rendered":"https:\/\/lescopainsdabordweb.wordpress.com\/contacts\/"},"modified":"2017-05-01T23:24:57","modified_gmt":"2017-05-01T21:24:57","slug":"contacts","status":"publish","type":"page","link":"https:\/\/www.lescopainsdabord.net\/index.php\/contacts\/","title":{"rendered":"Nous contacter"},"content":{"rendered":"<p><img loading=\"lazy\" decoding=\"async\" class=\"wp-image-660 alignleft\" src=\"http:\/\/lescopainsdabord.net\/wp-content\/uploads\/2016\/06\/ICONE-CONTCAT-287x300.png\" alt=\"\" width=\"159\" height=\"166\" srcset=\"https:\/\/lescopainsdabord.net\/wp-content\/uploads\/2016\/06\/ICONE-CONTCAT-287x300.png 287w, https:\/\/lescopainsdabord.net\/wp-content\/uploads\/2016\/06\/ICONE-CONTCAT-768x803.png 768w, https:\/\/lescopainsdabord.net\/wp-content\/uploads\/2016\/06\/ICONE-CONTCAT-364x380.png 364w, https:\/\/lescopainsdabord.net\/wp-content\/uploads\/2016\/06\/ICONE-CONTCAT.png 904w\" sizes=\"auto, (max-width: 159px) 100vw, 159px\" \/><\/p>\n<p>Une id\u00e9e, une envie, une suggestion, n&rsquo;h\u00e9sitez pas \u00e0 nous \u00e9crire : <a href=\"mailto:contact.lescopainsdabord@gmail.com\">contact.lescopainsdabord@gmail.com<\/a><\/p>\n<p>&nbsp;<\/p>\n<p>&nbsp;<\/p>\n<p>Suivez-nous sur les r\u00e9seaux sociaux :<\/p>\n<p><a href=\"https:\/\/www.facebook.com\/lescopainsdabord93\"><img loading=\"lazy\" decoding=\"async\" class=\"alignnone wp-image-952 \" src=\"http:\/\/lescopainsdabord.net\/wp-content\/uploads\/2016\/06\/facebook-300x86.png\" alt=\"\" width=\"178\" height=\"51\" srcset=\"https:\/\/lescopainsdabord.net\/wp-content\/uploads\/2016\/06\/facebook-300x86.png 300w, https:\/\/lescopainsdabord.net\/wp-content\/uploads\/2016\/06\/facebook.png 418w\" sizes=\"auto, (max-width: 178px) 100vw, 178px\" \/><\/a> <a href=\"https:\/\/twitter.com\/copainsdabord93\"><img loading=\"lazy\" decoding=\"async\" class=\"wp-image-953 alignright\" src=\"http:\/\/lescopainsdabord.net\/wp-content\/uploads\/2016\/06\/twitter-300x165.png\" alt=\"\" width=\"175\" height=\"96\" srcset=\"https:\/\/lescopainsdabord.net\/wp-content\/uploads\/2016\/06\/twitter-300x165.png 300w, https:\/\/lescopainsdabord.net\/wp-content\/uploads\/2016\/06\/twitter-692x380.png 692w, https:\/\/lescopainsdabord.net\/wp-content\/uploads\/2016\/06\/twitter.png 728w\" sizes=\"auto, (max-width: 175px) 100vw, 175px\" \/><\/a><\/p>\n<p>&nbsp;<\/p>\n<p>&nbsp;<\/p>\n<p>&nbsp;<\/p>\n<p>&nbsp;<\/p>\n<p>&nbsp;<\/p>\n<p>&nbsp;<\/p>\n","protected":false},"excerpt":{"rendered":"<p>Une id\u00e9e, une envie, une suggestion, n&rsquo;h\u00e9sitez pas \u00e0 nous \u00e9crire : contact.lescopainsdabord@gmail.com &nbsp; &nbsp; Suivez-nous sur les r\u00e9seaux sociaux : &nbsp; &nbsp; &nbsp; &nbsp; &nbsp; &nbsp;<\/p>\n","protected":false},"author":1,"featured_media":0,"parent":0,"menu_order":0,"comment_status":"closed","ping_status":"closed","template":"","meta":{"jetpack_post_was_ever_published":false,"footnotes":""},"class_list":["post-129","page","type-page","status-publish","hentry","without-featured-image"],"jetpack_sharing_enabled":true,"jetpack_shortlink":"https:\/\/wp.me\/P8G8ga-25","_links":{"self":[{"href":"https:\/\/www.lescopainsdabord.net\/index.php\/wp-json\/wp\/v2\/pages\/129","targetHints":{"allow":["GET"]}}],"collection":[{"href":"https:\/\/www.lescopainsdabord.net\/index.php\/wp-json\/wp\/v2\/pages"}],"about":[{"href":"https:\/\/www.lescopainsdabord.net\/index.php\/wp-json\/wp\/v2\/types\/page"}],"author":[{"embeddable":true,"href":"https:\/\/www.lescopainsdabord.net\/index.php\/wp-json\/wp\/v2\/users\/1"}],"replies":[{"embeddable":true,"href":"https:\/\/www.lescopainsdabord.net\/index.php\/wp-json\/wp\/v2\/comments?post=129"}],"version-history":[{"count":14,"href":"https:\/\/www.lescopainsdabord.net\/index.php\/wp-json\/wp\/v2\/pages\/129\/revisions"}],"predecessor-version":[{"id":959,"href":"https:\/\/www.lescopainsdabord.net\/index.php\/wp-json\/wp\/v2\/pages\/129\/revisions\/959"}],"wp:attachment":[{"href":"https:\/\/www.lescopainsdabord.net\/index.php\/wp-json\/wp\/v2\/media?parent=129"}],"curies":[{"name":"wp","href":"https:\/\/api.w.org\/{rel}","templated":true}]}}