{"id":1182,"date":"2018-04-03T15:49:30","date_gmt":"2018-04-03T13:49:30","guid":{"rendered":"http:\/\/www.lescopainsdabord.net\/?page_id=1182"},"modified":"2018-09-06T17:54:58","modified_gmt":"2018-09-06T15:54:58","slug":"dcodage","status":"publish","type":"page","link":"https:\/\/www.lescopainsdabord.net\/index.php\/dcodage\/","title":{"rendered":"La Fabrique du Digital"},"content":{"rendered":"<p style=\"text-align: left;\">\u00ab La Fabrique du Digital \u00bb c\u2019est l\u2019apprentissage des nouvelles technologies par des rencontres, des ateliers, des stages et des projets\u2026<\/p>\n<p style=\"text-align: left;\">Nos valeurs : promouvoir l\u2019interg\u00e9n\u00e9rationnel, l\u2019entraide et l\u2019auto-formation. 3 types d\u2019actions sont port\u00e9es par l\u2019agence aujourd\u2019hui :<\/p>\n<p style=\"text-align: center;\"><strong>La Brigade du digital : service d\u2019entraide aux habitants<\/strong><\/p>\n<p style=\"text-align: center;\"><img loading=\"lazy\" decoding=\"async\" class=\"alignnone  wp-image-1305\" src=\"http:\/\/lescopainsdabord.net\/wp-content\/uploads\/2018\/09\/flyer_brigade-211x300.jpg\" alt=\"\" width=\"271\" height=\"385\" srcset=\"https:\/\/lescopainsdabord.net\/wp-content\/uploads\/2018\/09\/flyer_brigade-211x300.jpg 211w, https:\/\/lescopainsdabord.net\/wp-content\/uploads\/2018\/09\/flyer_brigade-268x380.jpg 268w, https:\/\/lescopainsdabord.net\/wp-content\/uploads\/2018\/09\/flyer_brigade.jpg 420w\" sizes=\"auto, (max-width: 271px) 100vw, 271px\" \/><\/p>\n<p>&nbsp;<\/p>\n<p style=\"text-align: center;\"><strong>Les soir\u00e9es du num\u00e9rique : d\u00e9couvrir et s\u2019initier aux nouvelles technologies<\/strong><\/p>\n<p style=\"text-align: center;\"><img loading=\"lazy\" decoding=\"async\" class=\"alignnone  wp-image-1306\" src=\"http:\/\/lescopainsdabord.net\/wp-content\/uploads\/2018\/09\/flyer_septembre-211x300.jpg\" alt=\"\" width=\"283\" height=\"402\" srcset=\"https:\/\/lescopainsdabord.net\/wp-content\/uploads\/2018\/09\/flyer_septembre-211x300.jpg 211w, https:\/\/lescopainsdabord.net\/wp-content\/uploads\/2018\/09\/flyer_septembre-268x380.jpg 268w, https:\/\/lescopainsdabord.net\/wp-content\/uploads\/2018\/09\/flyer_septembre.jpg 420w\" sizes=\"auto, (max-width: 283px) 100vw, 283px\" \/><\/p>\n<p style=\"text-align: center;\"><img loading=\"lazy\" decoding=\"async\" class=\"alignnone size-medium wp-image-1307\" src=\"http:\/\/lescopainsdabord.net\/wp-content\/uploads\/2018\/09\/flyer-initiation-211x300.jpg\" alt=\"\" width=\"211\" height=\"300\" srcset=\"https:\/\/lescopainsdabord.net\/wp-content\/uploads\/2018\/09\/flyer-initiation-211x300.jpg 211w, https:\/\/lescopainsdabord.net\/wp-content\/uploads\/2018\/09\/flyer-initiation-268x380.jpg 268w, https:\/\/lescopainsdabord.net\/wp-content\/uploads\/2018\/09\/flyer-initiation.jpg 420w\" sizes=\"auto, (max-width: 211px) 100vw, 211px\" \/> <img loading=\"lazy\" decoding=\"async\" class=\"alignnone size-medium wp-image-1308\" src=\"http:\/\/lescopainsdabord.net\/wp-content\/uploads\/2018\/09\/flyer-soirees-211x300.jpg\" alt=\"\" width=\"211\" height=\"300\" srcset=\"https:\/\/lescopainsdabord.net\/wp-content\/uploads\/2018\/09\/flyer-soirees-211x300.jpg 211w, https:\/\/lescopainsdabord.net\/wp-content\/uploads\/2018\/09\/flyer-soirees-268x380.jpg 268w, https:\/\/lescopainsdabord.net\/wp-content\/uploads\/2018\/09\/flyer-soirees.jpg 420w\" sizes=\"auto, (max-width: 211px) 100vw, 211px\" \/><\/p>\n<p>&nbsp;<\/p>\n<p style=\"text-align: center;\">\n<strong>\u00a0L\u2019agence Web :<\/strong> proposer un service d\u2019accompagnement aux associations souhaitant\u00a0 d\u00e9velopper leur communication. Contactez-nous pour discuter de votre projet !<\/p>\n<p style=\"text-align: center;\"><a href=\"mailto:lafabriquedudigital@gmail.com\">lafabriquedudigital@gmail.com<\/a><\/p>\n<p>&nbsp;<\/p>\n<p><em>Militer pour l\u2019acc\u00e8s au digital pour tous afin de r\u00e9duire la fracture num\u00e9rique. Cr\u00e9er une dynamique d\u2019entraide autour des nouvelles technologies.<\/em><\/p>\n<p style=\"text-align: center;\"><em>IMITE, ASSIMILE ET ENSUITE&#8230; INNOVE !<\/em><br \/>\n<em>(Clark Terry, musicien de Jazz)<\/em>.<\/p>\n","protected":false},"excerpt":{"rendered":"<p>\u00ab La Fabrique du Digital \u00bb c\u2019est l\u2019apprentissage des nouvelles technologies par des rencontres, des ateliers, des stages et des projets\u2026 Nos valeurs : promouvoir l\u2019interg\u00e9n\u00e9rationnel, l\u2019entraide et l\u2019auto-formation. 3 types d\u2019actions sont port\u00e9es par l\u2019agence aujourd\u2019hui : La Brigade du digital : service d\u2019entraide aux habitants &nbsp; Les soir\u00e9es du num\u00e9rique : d\u00e9couvrir et &hellip; <a href=\"https:\/\/www.lescopainsdabord.net\/index.php\/dcodage\/\" class=\"more-link\">Lire la suite <span class=\"screen-reader-text\">La Fabrique du Digital<\/span><\/a><\/p>\n","protected":false},"author":1,"featured_media":0,"parent":0,"menu_order":0,"comment_status":"closed","ping_status":"closed","template":"","meta":{"jetpack_post_was_ever_published":false,"footnotes":""},"class_list":["post-1182","page","type-page","status-publish","hentry","without-featured-image"],"jetpack_sharing_enabled":true,"jetpack_shortlink":"https:\/\/wp.me\/P8G8ga-j4","_links":{"self":[{"href":"https:\/\/www.lescopainsdabord.net\/index.php\/wp-json\/wp\/v2\/pages\/1182","targetHints":{"allow":["GET"]}}],"collection":[{"href":"https:\/\/www.lescopainsdabord.net\/index.php\/wp-json\/wp\/v2\/pages"}],"about":[{"href":"https:\/\/www.lescopainsdabord.net\/index.php\/wp-json\/wp\/v2\/types\/page"}],"author":[{"embeddable":true,"href":"https:\/\/www.lescopainsdabord.net\/index.php\/wp-json\/wp\/v2\/users\/1"}],"replies":[{"embeddable":true,"href":"https:\/\/www.lescopainsdabord.net\/index.php\/wp-json\/wp\/v2\/comments?post=1182"}],"version-history":[{"count":10,"href":"https:\/\/www.lescopainsdabord.net\/index.php\/wp-json\/wp\/v2\/pages\/1182\/revisions"}],"predecessor-version":[{"id":1309,"href":"https:\/\/www.lescopainsdabord.net\/index.php\/wp-json\/wp\/v2\/pages\/1182\/revisions\/1309"}],"wp:attachment":[{"href":"https:\/\/www.lescopainsdabord.net\/index.php\/wp-json\/wp\/v2\/media?parent=1182"}],"curies":[{"name":"wp","href":"https:\/\/api.w.org\/{rel}","templated":true}]}}